{"id":24,"date":"2026-02-25T19:54:17","date_gmt":"2026-02-25T19:54:17","guid":{"rendered":"https:\/\/lasinvisiblesdebruguera.com\/?page_id=24"},"modified":"2026-03-14T20:34:35","modified_gmt":"2026-03-14T20:34:35","slug":"programa","status":"publish","type":"page","link":"https:\/\/lasinvisiblesdebruguera.com\/index.php\/programa\/","title":{"rendered":"Programa"},"content":{"rendered":"\t\t<div data-elementor-type=\"wp-page\" data-elementor-id=\"24\" class=\"elementor elementor-24\">\n\t\t\t\t<div class=\"elementor-element elementor-element-609a978 e-flex e-con-boxed e-con e-parent\" data-id=\"609a978\" data-element_type=\"container\" data-e-type=\"container\">\n\t\t\t\t\t<div class=\"e-con-inner\">\n\t\t\t\t<div class=\"elementor-element elementor-element-203299a elementor-widget elementor-widget-text-editor\" data-id=\"203299a\" data-element_type=\"widget\" data-e-type=\"widget\" data-widget_type=\"text-editor.default\">\n\t\t\t\t\t\t\t\t\t<p><strong>LUNES 16 de MARZO 2026<\/strong><\/p><p><strong>12:30<\/strong><\/p><p><strong>INAUGURACI\u00d3N:<\/strong><\/p><p>-Palabras de bienvenida de D\u00aa Lucia Sala Silveira , Directora de la Fundaci\u00f3n Ortega Mara\u00f1on<\/p><p>&#8211; Palabras de D\u00aa Sara JotaB\u00e9, Vicepresidenta de la Sectorial del Comic<\/p><p>&#8211; Palabras de D\u00aa Montserrat Mazorriga, Secretaria de Comiqueras+<\/p><p>&#8211; Palabras de D\u00aa Cristina Hern\u00e1ndez, Directora Instituto de las Mujeres de Espa\u00f1a<\/p><p>&#8211; Palabras del Ministro de Cultura D. Ernest Urtasun<strong>.<\/strong><strong>\u00a0\u00a0\u00a0\u00a0\u00a0\u00a0\u00a0\u00a0 <\/strong><\/p><p><strong>13:00h A 14:00h <\/strong><\/p><p><strong>PONENCIA:<\/strong> La revista Mis Chicas, la censura de la \u00e9poca y c\u00f3mo las mujeres dibujantes abrieron camino en un entorno de hombres.<\/p><p>PONENTE: Arantza Argudo Mart\u00ednez<\/p><p>PRESENTA: Sara Jotab\u00e9<\/p><p><strong>17h a 18h<\/strong><\/p><p><strong>PONENCIA:<\/strong> Rosa Galcer\u00e1n y el nacimiento del estilo femenino\u00bb. Su visi\u00f3n sobre c\u00f3mo las dibujantes de los a\u00f1os 40 y 50 construyeron una est\u00e9tica propia en un entorno de posguerra y censura<\/p><p>PONENTE: Roser Messa<\/p><p>PRESENTA: Elisabeth Karin<\/p><p>\u00a0<\/p><p><strong>18h a 19h<\/strong><\/p><p><strong>PONENCIA:<\/strong> La llegada de la democracia, en el fin de los \u201ctebeos de ni\u00f1as\u201d y el nacimiento de una conciencia feminista dentro de las vi\u00f1etas.<\/p><p>PONENTE: Marika Vila<\/p><p>PRESENTA: Ana Miralles<\/p><p>\u00a0<\/p><p><strong>19h a 20h <\/strong><\/p><p><strong>CHARLA:\u00a0 <\/strong>El trabajo dentro de la editorial Bruguera y el cierre.<\/p><p>PONENTE: J\u00falia Gal\u00e1n<\/p><p>PRESENTA: Montse Mazorriaga<\/p><p>\u00a0<\/p><p><strong>\u00a0<\/strong><\/p><p><strong>MARTES 17 de MARZO 2026\u00a0 &#8211;\u00a0 D\u00cdA DEL C\u00d3MIC Y EL TEBEO<\/strong><\/p><p>\u00a0<\/p><p><strong>10h a 11h.<\/strong><\/p><p><strong>COLOQUIO: <\/strong>\u00a0Experiencias y vivencias de las dibujantes de la editorial Bruguera.<\/p><p>PONENTES: Mar\u00eda Jos\u00e9 Cano y Lurdes Mart\u00edn<\/p><p>MODERA: M\u00f3nica Crespo<\/p><p><strong>11h a 12h.<\/strong><\/p><p><strong>PONENCIA:\u00a0 <\/strong>La precariedad del guion, el uso de seud\u00f3nimos y la creaci\u00f3n de historias de hadas frente a la realidad social de Espa\u00f1a.<\/p><p>PONENTE: Josune Mu\u00f1oz<\/p><p>PRESENTA: Montse Mazorriaga<\/p><p>\u00a0<\/p><p><strong>12:00 a 12:30<\/strong><\/p><p>Presentaci\u00f3n <strong>INFORME SOBRE SITUACI\u00d3N DE LA MUJER EN EL SECTOR DEL C\u00d3MIC 2025<\/strong><\/p><p>Mar\u00eda Jos\u00e9 Galvez Directora General Libro, el C\u00f3mic y la Lectura<\/p><p>Sara JotaB\u00e9 Vicepresidenta Sectorial del C\u00f3mic<\/p><p>Montse Mazorriga secretaria Comiqueras<\/p><p><strong>\u00a0 <\/strong><\/p><p><strong>12:30. a 13:00 <\/strong><\/p><p>Acto homenaje y entrega del reconocimiento al legado.<\/p><p>-Entrega premios a<\/p><p>\u00a0\u00a0\u00a0\u00a0\u00a0\u00a0\u00a0 Julia Galv\u00e1n<\/p><p>\u00a0\u00a0\u00a0\u00a0\u00a0\u00a0\u00a0 Mar\u00eda Jos\u00e9 Cano<\/p><p>\u00a0\u00a0\u00a0\u00a0\u00a0\u00a0\u00a0 Lurdes Martin<\/p><p>\u00c1ngeles Felices (no presente)<\/p><p><strong>\u00a0<\/strong><\/p><p>13:00\u00a0 Clausura<\/p><p><strong>\u00a0\u00a0\u00a0\u00a0\u00a0\u00a0\u00a0 <\/strong>Sara JotaB\u00e9, Vicepresidenta Sectorial<\/p><p>\u00a0\u00a0\u00a0\u00a0\u00a0\u00a0\u00a0 Cristina Hern\u00e1ndez, Directora Instituto de las Mujeres<\/p><p>\u00a0\u00a0\u00a0\u00a0\u00a0\u00a0\u00a0 Mar\u00eda Jos\u00e9 Galvez, Directora General Libro el C\u00f3mic y la Lectura<\/p><p>\u00a0<\/p><p>\u00a0<\/p>\t\t\t\t\t\t\t\t<\/div>\n\t\t\t\t\t<\/div>\n\t\t\t\t<\/div>\n\t\t\t\t<\/div>\n\t\t","protected":false},"excerpt":{"rendered":"<p>LUNES 16 de MARZO 2026 12:30 INAUGURACI\u00d3N: -Palabras de bienvenida de D\u00aa Lucia Sala Silveira , Directora de la Fundaci\u00f3n [&hellip;]<\/p>\n","protected":false},"author":1,"featured_media":0,"parent":0,"menu_order":0,"comment_status":"closed","ping_status":"closed","template":"","meta":{"site-sidebar-layout":"no-sidebar","site-content-layout":"","ast-site-content-layout":"full-width-container","site-content-style":"default","site-sidebar-style":"default","ast-global-header-display":"","ast-banner-title-visibility":"","ast-main-header-display":"","ast-hfb-above-header-display":"","ast-hfb-below-header-display":"","ast-hfb-mobile-header-display":"","site-post-title":"","ast-breadcrumbs-content":"","ast-featured-img":"disabled","footer-sml-layout":"","ast-disable-related-posts":"","theme-transparent-header-meta":"","adv-header-id-meta":"","stick-header-meta":"","header-above-stick-meta":"","header-main-stick-meta":"","header-below-stick-meta":"","astra-migrate-meta-layouts":"default","ast-page-background-enabled":"default","ast-page-background-meta":{"desktop":{"background-color":"var(--ast-global-color-5)","background-image":"","background-repeat":"repeat","background-position":"center center","background-size":"auto","background-attachment":"scroll","background-type":"","background-media":"","overlay-type":"","overlay-color":"","overlay-opacity":"","overlay-gradient":""},"tablet":{"background-color":"","background-image":"","background-repeat":"repeat","background-position":"center center","background-size":"auto","background-attachment":"scroll","background-type":"","background-media":"","overlay-type":"","overlay-color":"","overlay-opacity":"","overlay-gradient":""},"mobile":{"background-color":"","background-image":"","background-repeat":"repeat","background-position":"center center","background-size":"auto","background-attachment":"scroll","background-type":"","background-media":"","overlay-type":"","overlay-color":"","overlay-opacity":"","overlay-gradient":""}},"ast-content-background-meta":{"desktop":{"background-color":"var(--ast-global-color-4)","background-image":"","background-repeat":"repeat","background-position":"center center","background-size":"auto","background-attachment":"scroll","background-type":"","background-media":"","overlay-type":"","overlay-color":"","overlay-opacity":"","overlay-gradient":""},"tablet":{"background-color":"var(--ast-global-color-4)","background-image":"","background-repeat":"repeat","background-position":"center center","background-size":"auto","background-attachment":"scroll","background-type":"","background-media":"","overlay-type":"","overlay-color":"","overlay-opacity":"","overlay-gradient":""},"mobile":{"background-color":"var(--ast-global-color-4)","background-image":"","background-repeat":"repeat","background-position":"center center","background-size":"auto","background-attachment":"scroll","background-type":"","background-media":"","overlay-type":"","overlay-color":"","overlay-opacity":"","overlay-gradient":""}},"footnotes":""},"class_list":["post-24","page","type-page","status-publish","hentry"],"yoast_head":"<!-- This site is optimized with the Yoast SEO plugin v27.0 - https:\/\/yoast.com\/product\/yoast-seo-wordpress\/ -->\n<title>Programa -<\/title>\n<meta name=\"robots\" content=\"index, follow, max-snippet:-1, max-image-preview:large, max-video-preview:-1\" \/>\n<link rel=\"canonical\" href=\"https:\/\/lasinvisiblesdebruguera.com\/index.php\/programa\/\" \/>\n<meta property=\"og:locale\" content=\"es_ES\" \/>\n<meta property=\"og:type\" content=\"article\" \/>\n<meta property=\"og:title\" content=\"Programa -\" \/>\n<meta property=\"og:description\" content=\"LUNES 16 de MARZO 2026 12:30 INAUGURACI\u00d3N: -Palabras de bienvenida de D\u00aa Lucia Sala Silveira , Directora de la Fundaci\u00f3n [&hellip;]\" \/>\n<meta property=\"og:url\" content=\"https:\/\/lasinvisiblesdebruguera.com\/index.php\/programa\/\" \/>\n<meta property=\"article:modified_time\" content=\"2026-03-14T20:34:35+00:00\" \/>\n<meta name=\"twitter:card\" content=\"summary_large_image\" \/>\n<meta name=\"twitter:label1\" content=\"Tiempo de lectura\" \/>\n\t<meta name=\"twitter:data1\" content=\"2 minutos\" \/>\n<script type=\"application\/ld+json\" class=\"yoast-schema-graph\">{\"@context\":\"https:\/\/schema.org\",\"@graph\":[{\"@type\":\"WebPage\",\"@id\":\"https:\/\/lasinvisiblesdebruguera.com\/index.php\/programa\/\",\"url\":\"https:\/\/lasinvisiblesdebruguera.com\/index.php\/programa\/\",\"name\":\"Programa -\",\"isPartOf\":{\"@id\":\"https:\/\/lasinvisiblesdebruguera.com\/#website\"},\"datePublished\":\"2026-02-25T19:54:17+00:00\",\"dateModified\":\"2026-03-14T20:34:35+00:00\",\"breadcrumb\":{\"@id\":\"https:\/\/lasinvisiblesdebruguera.com\/index.php\/programa\/#breadcrumb\"},\"inLanguage\":\"es\",\"potentialAction\":[{\"@type\":\"ReadAction\",\"target\":[\"https:\/\/lasinvisiblesdebruguera.com\/index.php\/programa\/\"]}]},{\"@type\":\"BreadcrumbList\",\"@id\":\"https:\/\/lasinvisiblesdebruguera.com\/index.php\/programa\/#breadcrumb\",\"itemListElement\":[{\"@type\":\"ListItem\",\"position\":1,\"name\":\"Portada\",\"item\":\"https:\/\/lasinvisiblesdebruguera.com\/\"},{\"@type\":\"ListItem\",\"position\":2,\"name\":\"Programa\"}]},{\"@type\":\"WebSite\",\"@id\":\"https:\/\/lasinvisiblesdebruguera.com\/#website\",\"url\":\"https:\/\/lasinvisiblesdebruguera.com\/\",\"name\":\"Las invisibles de Bruguera\",\"description\":\"Un homenaje a las mujeres que trabajaron en la editorial Bruguera\",\"publisher\":{\"@id\":\"https:\/\/lasinvisiblesdebruguera.com\/#organization\"},\"potentialAction\":[{\"@type\":\"SearchAction\",\"target\":{\"@type\":\"EntryPoint\",\"urlTemplate\":\"https:\/\/lasinvisiblesdebruguera.com\/?s={search_term_string}\"},\"query-input\":{\"@type\":\"PropertyValueSpecification\",\"valueRequired\":true,\"valueName\":\"search_term_string\"}}],\"inLanguage\":\"es\"},{\"@type\":\"Organization\",\"@id\":\"https:\/\/lasinvisiblesdebruguera.com\/#organization\",\"name\":\"Seminario sobre las mujeres de Bruguera\",\"url\":\"https:\/\/lasinvisiblesdebruguera.com\/\",\"logo\":{\"@type\":\"ImageObject\",\"inLanguage\":\"es\",\"@id\":\"https:\/\/lasinvisiblesdebruguera.com\/#\/schema\/logo\/image\/\",\"url\":\"https:\/\/lasinvisiblesdebruguera.com\/wp-content\/uploads\/2026\/02\/bruguera-morado.jpg\",\"contentUrl\":\"https:\/\/lasinvisiblesdebruguera.com\/wp-content\/uploads\/2026\/02\/bruguera-morado.jpg\",\"width\":769,\"height\":509,\"caption\":\"Seminario sobre las mujeres de Bruguera\"},\"image\":{\"@id\":\"https:\/\/lasinvisiblesdebruguera.com\/#\/schema\/logo\/image\/\"}}]}<\/script>\n<!-- \/ Yoast SEO plugin. -->","yoast_head_json":{"title":"Programa -","robots":{"index":"index","follow":"follow","max-snippet":"max-snippet:-1","max-image-preview":"max-image-preview:large","max-video-preview":"max-video-preview:-1"},"canonical":"https:\/\/lasinvisiblesdebruguera.com\/index.php\/programa\/","og_locale":"es_ES","og_type":"article","og_title":"Programa -","og_description":"LUNES 16 de MARZO 2026 12:30 INAUGURACI\u00d3N: -Palabras de bienvenida de D\u00aa Lucia Sala Silveira , Directora de la Fundaci\u00f3n [&hellip;]","og_url":"https:\/\/lasinvisiblesdebruguera.com\/index.php\/programa\/","article_modified_time":"2026-03-14T20:34:35+00:00","twitter_card":"summary_large_image","twitter_misc":{"Tiempo de lectura":"2 minutos"},"schema":{"@context":"https:\/\/schema.org","@graph":[{"@type":"WebPage","@id":"https:\/\/lasinvisiblesdebruguera.com\/index.php\/programa\/","url":"https:\/\/lasinvisiblesdebruguera.com\/index.php\/programa\/","name":"Programa -","isPartOf":{"@id":"https:\/\/lasinvisiblesdebruguera.com\/#website"},"datePublished":"2026-02-25T19:54:17+00:00","dateModified":"2026-03-14T20:34:35+00:00","breadcrumb":{"@id":"https:\/\/lasinvisiblesdebruguera.com\/index.php\/programa\/#breadcrumb"},"inLanguage":"es","potentialAction":[{"@type":"ReadAction","target":["https:\/\/lasinvisiblesdebruguera.com\/index.php\/programa\/"]}]},{"@type":"BreadcrumbList","@id":"https:\/\/lasinvisiblesdebruguera.com\/index.php\/programa\/#breadcrumb","itemListElement":[{"@type":"ListItem","position":1,"name":"Portada","item":"https:\/\/lasinvisiblesdebruguera.com\/"},{"@type":"ListItem","position":2,"name":"Programa"}]},{"@type":"WebSite","@id":"https:\/\/lasinvisiblesdebruguera.com\/#website","url":"https:\/\/lasinvisiblesdebruguera.com\/","name":"Las invisibles de Bruguera","description":"Un homenaje a las mujeres que trabajaron en la editorial Bruguera","publisher":{"@id":"https:\/\/lasinvisiblesdebruguera.com\/#organization"},"potentialAction":[{"@type":"SearchAction","target":{"@type":"EntryPoint","urlTemplate":"https:\/\/lasinvisiblesdebruguera.com\/?s={search_term_string}"},"query-input":{"@type":"PropertyValueSpecification","valueRequired":true,"valueName":"search_term_string"}}],"inLanguage":"es"},{"@type":"Organization","@id":"https:\/\/lasinvisiblesdebruguera.com\/#organization","name":"Seminario sobre las mujeres de Bruguera","url":"https:\/\/lasinvisiblesdebruguera.com\/","logo":{"@type":"ImageObject","inLanguage":"es","@id":"https:\/\/lasinvisiblesdebruguera.com\/#\/schema\/logo\/image\/","url":"https:\/\/lasinvisiblesdebruguera.com\/wp-content\/uploads\/2026\/02\/bruguera-morado.jpg","contentUrl":"https:\/\/lasinvisiblesdebruguera.com\/wp-content\/uploads\/2026\/02\/bruguera-morado.jpg","width":769,"height":509,"caption":"Seminario sobre las mujeres de Bruguera"},"image":{"@id":"https:\/\/lasinvisiblesdebruguera.com\/#\/schema\/logo\/image\/"}}]}},"_links":{"self":[{"href":"https:\/\/lasinvisiblesdebruguera.com\/index.php\/wp-json\/wp\/v2\/pages\/24","targetHints":{"allow":["GET"]}}],"collection":[{"href":"https:\/\/lasinvisiblesdebruguera.com\/index.php\/wp-json\/wp\/v2\/pages"}],"about":[{"href":"https:\/\/lasinvisiblesdebruguera.com\/index.php\/wp-json\/wp\/v2\/types\/page"}],"author":[{"embeddable":true,"href":"https:\/\/lasinvisiblesdebruguera.com\/index.php\/wp-json\/wp\/v2\/users\/1"}],"replies":[{"embeddable":true,"href":"https:\/\/lasinvisiblesdebruguera.com\/index.php\/wp-json\/wp\/v2\/comments?post=24"}],"version-history":[{"count":10,"href":"https:\/\/lasinvisiblesdebruguera.com\/index.php\/wp-json\/wp\/v2\/pages\/24\/revisions"}],"predecessor-version":[{"id":97,"href":"https:\/\/lasinvisiblesdebruguera.com\/index.php\/wp-json\/wp\/v2\/pages\/24\/revisions\/97"}],"wp:attachment":[{"href":"https:\/\/lasinvisiblesdebruguera.com\/index.php\/wp-json\/wp\/v2\/media?parent=24"}],"curies":[{"name":"wp","href":"https:\/\/api.w.org\/{rel}","templated":true}]}}