{"id":21,"date":"2026-02-25T19:52:58","date_gmt":"2026-02-25T19:52:58","guid":{"rendered":"https:\/\/lasinvisiblesdebruguera.com\/?page_id=21"},"modified":"2026-03-02T13:09:24","modified_gmt":"2026-03-02T13:09:24","slug":"inicio","status":"publish","type":"page","link":"https:\/\/lasinvisiblesdebruguera.com\/","title":{"rendered":"Inicio"},"content":{"rendered":"\t\t<div data-elementor-type=\"wp-page\" data-elementor-id=\"21\" class=\"elementor elementor-21\">\n\t\t\t\t<div class=\"elementor-element elementor-element-8d9968f e-flex e-con-boxed e-con e-parent\" data-id=\"8d9968f\" data-element_type=\"container\" data-e-type=\"container\">\n\t\t\t\t\t<div class=\"e-con-inner\">\n\t\t\t\t<div class=\"elementor-element elementor-element-4ef7c6a elementor-widget elementor-widget-text-editor\" data-id=\"4ef7c6a\" data-element_type=\"widget\" data-e-type=\"widget\" data-widget_type=\"text-editor.default\">\n\t\t\t\t\t\t\t\t\t<h2>Un reconocimiento a las mujeres que trabajaron en la editorial Bruguera<\/h2>\t\t\t\t\t\t\t\t<\/div>\n\t\t\t\t\t<\/div>\n\t\t\t\t<\/div>\n\t\t<div class=\"elementor-element elementor-element-34d61cf e-flex e-con-boxed e-con e-parent\" data-id=\"34d61cf\" data-element_type=\"container\" data-e-type=\"container\">\n\t\t\t\t\t<div class=\"e-con-inner\">\n\t\t\t\t<div class=\"elementor-element elementor-element-79f6995 elementor-widget elementor-widget-image\" data-id=\"79f6995\" data-element_type=\"widget\" data-e-type=\"widget\" data-widget_type=\"image.default\">\n\t\t\t\t\t\t\t\t\t\t\t\t\t\t\t<img fetchpriority=\"high\" decoding=\"async\" width=\"730\" height=\"1024\" src=\"https:\/\/lasinvisiblesdebruguera.com\/wp-content\/uploads\/2026\/03\/cartel-logos-730x1024.jpg\" class=\"attachment-large size-large wp-image-71\" alt=\"\" srcset=\"https:\/\/lasinvisiblesdebruguera.com\/wp-content\/uploads\/2026\/03\/cartel-logos-730x1024.jpg 730w, https:\/\/lasinvisiblesdebruguera.com\/wp-content\/uploads\/2026\/03\/cartel-logos-214x300.jpg 214w, https:\/\/lasinvisiblesdebruguera.com\/wp-content\/uploads\/2026\/03\/cartel-logos-768x1077.jpg 768w, https:\/\/lasinvisiblesdebruguera.com\/wp-content\/uploads\/2026\/03\/cartel-logos-1095x1536.jpg 1095w, https:\/\/lasinvisiblesdebruguera.com\/wp-content\/uploads\/2026\/03\/cartel-logos-1460x2048.jpg 1460w, https:\/\/lasinvisiblesdebruguera.com\/wp-content\/uploads\/2026\/03\/cartel-logos-scaled.jpg 1825w\" sizes=\"(max-width: 730px) 100vw, 730px\" \/>\t\t\t\t\t\t\t\t\t\t\t\t\t\t\t<\/div>\n\t\t\t\t\t<\/div>\n\t\t\t\t<\/div>\n\t\t<div class=\"elementor-element elementor-element-510ffd5 e-flex e-con-boxed e-con e-parent\" data-id=\"510ffd5\" data-element_type=\"container\" data-e-type=\"container\">\n\t\t\t\t\t<div class=\"e-con-inner\">\n\t\t\t\t<div class=\"elementor-element elementor-element-6fc14e1 elementor-widget elementor-widget-text-editor\" data-id=\"6fc14e1\" data-element_type=\"widget\" data-e-type=\"widget\" data-widget_type=\"text-editor.default\">\n\t\t\t\t\t\t\t\t\t<p>Barcelona, 1910. Juan Bruguera fund\u00f3 El Gato Negro, que posteriormente se convirti\u00f3 en Editorial Bruguera.<\/p><p>En el coraz\u00f3n de una ciudad que despertaba al siglo XX, nac\u00eda la Editorial Bruguera, que acabar\u00eda por te\u00f1ir el imaginario de todo un pa\u00eds. Dejando una peque\u00f1a dosis de aventura que aguardaba en cada quiosco.<\/p><p>Sin embargo, el relato oficial de este gigante de la cultura popular nos ha llegado tradicionalmente narrado en masculino, bajo la sombra alargada de los grandes maestros del l\u00e1piz. Pero entre el rugir de las rotativas y el tecleo de las m\u00e1quinas de escribir, existi\u00f3 una historia en silencio que hoy es urgente rescatar.<\/p><p>La historia de Bruguera est\u00e1 incompleta porque no se puede entender su \u00e9xito masivo sin reconocer a las manos invisibles que sostuvieron su estructura. Las mujeres fueron el pilar de la producci\u00f3n, la gesti\u00f3n administrativa y la resistencia sindical en los momentos de crisis, desempe\u00f1ando roles cruciales como dibujantes,redactoras, traductoras, guionistas, entintadoras y coloristas, maquetadoras, a menudo ocultas tras el anonimato o el uso de seud\u00f3nimos.<\/p><p>Estas jornadas nacen precisamente para reparar esa memoria y romper un techo de cristal que el tiempo ha vuelto opaco, visibilizando desde el departamento de administraci\u00f3n hasta las naves de distribuci\u00f3n; el verdadero motor organizativo que permiti\u00f3 que millones de tebeos llegaran puntualmente a sus lectores.<\/p><p>A diferencia del mito que reduc\u00eda a la mujer a una mera lectora de revistas femeninas, su impacto fue transversal y transformador. Hubo guionistas audaces que supieron conectar con la sensibilidad de una \u00e9poca para romper los estereotipos de la posguerra, y artistas que aportaron una est\u00e9tica distintiva a cabeceras m\u00edticas como Lily, Sissi o Joyas Literarias Juveniles, definiendo la identidad visual de la editorial. Ellas fueron quienes adaptaron los cl\u00e1sicos de la literatura universal, haciendo que la alta cultura fuera accesible para toda una generaci\u00f3n.<\/p><p>Este encuentro no es solo una cita para especialistas o coleccionistas, sino una invitaci\u00f3n al p\u00fablico general para recuperar un patrimonio que nos pertenece a todos. Es vital que las nuevas generaciones de creadoras sepan que el noveno arte en Espa\u00f1a tambi\u00e9n fue construido por mujeres. Conocer su papel en Bruguera es, en definitiva, conocer la evoluci\u00f3n de la mujer trabajadora en la Espa\u00f1a del siglo XX.<\/p><p>Al ignorar su aportaci\u00f3n, perdemos la mitad de nuestra historia cultural; estas jornadas pretenden devolver ese legado a la ciudadan\u00eda y pasar, por fin, la p\u00e1gina de la invisibilidad.<\/p>\t\t\t\t\t\t\t\t<\/div>\n\t\t\t\t\t<\/div>\n\t\t\t\t<\/div>\n\t\t\t\t<\/div>\n\t\t","protected":false},"excerpt":{"rendered":"<p>Un reconocimiento a las mujeres que trabajaron en la editorial Bruguera Barcelona, 1910. Juan Bruguera fund\u00f3 El Gato Negro, que [&hellip;]<\/p>\n","protected":false},"author":1,"featured_media":0,"parent":0,"menu_order":0,"comment_status":"closed","ping_status":"closed","template":"","meta":{"site-sidebar-layout":"no-sidebar","site-content-layout":"","ast-site-content-layout":"full-width-container","site-content-style":"default","site-sidebar-style":"default","ast-global-header-display":"","ast-banner-title-visibility":"","ast-main-header-display":"","ast-hfb-above-header-display":"","ast-hfb-below-header-display":"","ast-hfb-mobile-header-display":"","site-post-title":"","ast-breadcrumbs-content":"","ast-featured-img":"disabled","footer-sml-layout":"","ast-disable-related-posts":"","theme-transparent-header-meta":"","adv-header-id-meta":"","stick-header-meta":"","header-above-stick-meta":"","header-main-stick-meta":"","header-below-stick-meta":"","astra-migrate-meta-layouts":"default","ast-page-background-enabled":"default","ast-page-background-meta":{"desktop":{"background-color":"var(--ast-global-color-5)","background-image":"","background-repeat":"repeat","background-position":"center center","background-size":"auto","background-attachment":"scroll","background-type":"","background-media":"","overlay-type":"","overlay-color":"","overlay-opacity":"","overlay-gradient":""},"tablet":{"background-color":"","background-image":"","background-repeat":"repeat","background-position":"center center","background-size":"auto","background-attachment":"scroll","background-type":"","background-media":"","overlay-type":"","overlay-color":"","overlay-opacity":"","overlay-gradient":""},"mobile":{"background-color":"","background-image":"","background-repeat":"repeat","background-position":"center center","background-size":"auto","background-attachment":"scroll","background-type":"","background-media":"","overlay-type":"","overlay-color":"","overlay-opacity":"","overlay-gradient":""}},"ast-content-background-meta":{"desktop":{"background-color":"var(--ast-global-color-4)","background-image":"","background-repeat":"repeat","background-position":"center center","background-size":"auto","background-attachment":"scroll","background-type":"","background-media":"","overlay-type":"","overlay-color":"","overlay-opacity":"","overlay-gradient":""},"tablet":{"background-color":"var(--ast-global-color-4)","background-image":"","background-repeat":"repeat","background-position":"center center","background-size":"auto","background-attachment":"scroll","background-type":"","background-media":"","overlay-type":"","overlay-color":"","overlay-opacity":"","overlay-gradient":""},"mobile":{"background-color":"var(--ast-global-color-4)","background-image":"","background-repeat":"repeat","background-position":"center center","background-size":"auto","background-attachment":"scroll","background-type":"","background-media":"","overlay-type":"","overlay-color":"","overlay-opacity":"","overlay-gradient":""}},"footnotes":""},"class_list":["post-21","page","type-page","status-publish","hentry"],"yoast_head":"<!-- This site is optimized with the Yoast SEO plugin v27.0 - https:\/\/yoast.com\/product\/yoast-seo-wordpress\/ -->\n<title>Inicio -<\/title>\n<meta name=\"robots\" content=\"index, follow, max-snippet:-1, max-image-preview:large, max-video-preview:-1\" \/>\n<link rel=\"canonical\" href=\"https:\/\/lasinvisiblesdebruguera.com\/\" \/>\n<meta property=\"og:locale\" content=\"es_ES\" \/>\n<meta property=\"og:type\" content=\"article\" \/>\n<meta property=\"og:title\" content=\"Inicio -\" \/>\n<meta property=\"og:description\" content=\"Un reconocimiento a las mujeres que trabajaron en la editorial Bruguera Barcelona, 1910. Juan Bruguera fund\u00f3 El Gato Negro, que [&hellip;]\" \/>\n<meta property=\"og:url\" content=\"https:\/\/lasinvisiblesdebruguera.com\/\" \/>\n<meta property=\"article:modified_time\" content=\"2026-03-02T13:09:24+00:00\" \/>\n<meta property=\"og:image\" content=\"https:\/\/lasinvisiblesdebruguera.com\/wp-content\/uploads\/2026\/03\/cartel-logos-730x1024.jpg\" \/>\n<meta name=\"twitter:card\" content=\"summary_large_image\" \/>\n<meta name=\"twitter:label1\" content=\"Tiempo de lectura\" \/>\n\t<meta name=\"twitter:data1\" content=\"2 minutos\" \/>\n<script type=\"application\/ld+json\" class=\"yoast-schema-graph\">{\"@context\":\"https:\/\/schema.org\",\"@graph\":[{\"@type\":\"WebPage\",\"@id\":\"https:\/\/lasinvisiblesdebruguera.com\/\",\"url\":\"https:\/\/lasinvisiblesdebruguera.com\/\",\"name\":\"Inicio -\",\"isPartOf\":{\"@id\":\"https:\/\/lasinvisiblesdebruguera.com\/#website\"},\"primaryImageOfPage\":{\"@id\":\"https:\/\/lasinvisiblesdebruguera.com\/#primaryimage\"},\"image\":{\"@id\":\"https:\/\/lasinvisiblesdebruguera.com\/#primaryimage\"},\"thumbnailUrl\":\"https:\/\/lasinvisiblesdebruguera.com\/wp-content\/uploads\/2026\/03\/cartel-logos-730x1024.jpg\",\"datePublished\":\"2026-02-25T19:52:58+00:00\",\"dateModified\":\"2026-03-02T13:09:24+00:00\",\"breadcrumb\":{\"@id\":\"https:\/\/lasinvisiblesdebruguera.com\/#breadcrumb\"},\"inLanguage\":\"es\",\"potentialAction\":[{\"@type\":\"ReadAction\",\"target\":[\"https:\/\/lasinvisiblesdebruguera.com\/\"]}]},{\"@type\":\"ImageObject\",\"inLanguage\":\"es\",\"@id\":\"https:\/\/lasinvisiblesdebruguera.com\/#primaryimage\",\"url\":\"https:\/\/lasinvisiblesdebruguera.com\/wp-content\/uploads\/2026\/03\/cartel-logos-scaled.jpg\",\"contentUrl\":\"https:\/\/lasinvisiblesdebruguera.com\/wp-content\/uploads\/2026\/03\/cartel-logos-scaled.jpg\",\"width\":1825,\"height\":2560},{\"@type\":\"BreadcrumbList\",\"@id\":\"https:\/\/lasinvisiblesdebruguera.com\/#breadcrumb\",\"itemListElement\":[{\"@type\":\"ListItem\",\"position\":1,\"name\":\"Portada\",\"item\":\"https:\/\/lasinvisiblesdebruguera.com\/\"},{\"@type\":\"ListItem\",\"position\":2,\"name\":\"Inicio\"}]},{\"@type\":\"WebSite\",\"@id\":\"https:\/\/lasinvisiblesdebruguera.com\/#website\",\"url\":\"https:\/\/lasinvisiblesdebruguera.com\/\",\"name\":\"Las invisibles de Bruguera\",\"description\":\"Un homenaje a las mujeres que trabajaron en la editorial Bruguera\",\"publisher\":{\"@id\":\"https:\/\/lasinvisiblesdebruguera.com\/#organization\"},\"potentialAction\":[{\"@type\":\"SearchAction\",\"target\":{\"@type\":\"EntryPoint\",\"urlTemplate\":\"https:\/\/lasinvisiblesdebruguera.com\/?s={search_term_string}\"},\"query-input\":{\"@type\":\"PropertyValueSpecification\",\"valueRequired\":true,\"valueName\":\"search_term_string\"}}],\"inLanguage\":\"es\"},{\"@type\":\"Organization\",\"@id\":\"https:\/\/lasinvisiblesdebruguera.com\/#organization\",\"name\":\"Seminario sobre las mujeres de Bruguera\",\"url\":\"https:\/\/lasinvisiblesdebruguera.com\/\",\"logo\":{\"@type\":\"ImageObject\",\"inLanguage\":\"es\",\"@id\":\"https:\/\/lasinvisiblesdebruguera.com\/#\/schema\/logo\/image\/\",\"url\":\"https:\/\/lasinvisiblesdebruguera.com\/wp-content\/uploads\/2026\/02\/bruguera-morado.jpg\",\"contentUrl\":\"https:\/\/lasinvisiblesdebruguera.com\/wp-content\/uploads\/2026\/02\/bruguera-morado.jpg\",\"width\":769,\"height\":509,\"caption\":\"Seminario sobre las mujeres de Bruguera\"},\"image\":{\"@id\":\"https:\/\/lasinvisiblesdebruguera.com\/#\/schema\/logo\/image\/\"}}]}<\/script>\n<!-- \/ Yoast SEO plugin. -->","yoast_head_json":{"title":"Inicio -","robots":{"index":"index","follow":"follow","max-snippet":"max-snippet:-1","max-image-preview":"max-image-preview:large","max-video-preview":"max-video-preview:-1"},"canonical":"https:\/\/lasinvisiblesdebruguera.com\/","og_locale":"es_ES","og_type":"article","og_title":"Inicio -","og_description":"Un reconocimiento a las mujeres que trabajaron en la editorial Bruguera Barcelona, 1910. Juan Bruguera fund\u00f3 El Gato Negro, que [&hellip;]","og_url":"https:\/\/lasinvisiblesdebruguera.com\/","article_modified_time":"2026-03-02T13:09:24+00:00","og_image":[{"url":"https:\/\/lasinvisiblesdebruguera.com\/wp-content\/uploads\/2026\/03\/cartel-logos-730x1024.jpg","type":"","width":"","height":""}],"twitter_card":"summary_large_image","twitter_misc":{"Tiempo de lectura":"2 minutos"},"schema":{"@context":"https:\/\/schema.org","@graph":[{"@type":"WebPage","@id":"https:\/\/lasinvisiblesdebruguera.com\/","url":"https:\/\/lasinvisiblesdebruguera.com\/","name":"Inicio -","isPartOf":{"@id":"https:\/\/lasinvisiblesdebruguera.com\/#website"},"primaryImageOfPage":{"@id":"https:\/\/lasinvisiblesdebruguera.com\/#primaryimage"},"image":{"@id":"https:\/\/lasinvisiblesdebruguera.com\/#primaryimage"},"thumbnailUrl":"https:\/\/lasinvisiblesdebruguera.com\/wp-content\/uploads\/2026\/03\/cartel-logos-730x1024.jpg","datePublished":"2026-02-25T19:52:58+00:00","dateModified":"2026-03-02T13:09:24+00:00","breadcrumb":{"@id":"https:\/\/lasinvisiblesdebruguera.com\/#breadcrumb"},"inLanguage":"es","potentialAction":[{"@type":"ReadAction","target":["https:\/\/lasinvisiblesdebruguera.com\/"]}]},{"@type":"ImageObject","inLanguage":"es","@id":"https:\/\/lasinvisiblesdebruguera.com\/#primaryimage","url":"https:\/\/lasinvisiblesdebruguera.com\/wp-content\/uploads\/2026\/03\/cartel-logos-scaled.jpg","contentUrl":"https:\/\/lasinvisiblesdebruguera.com\/wp-content\/uploads\/2026\/03\/cartel-logos-scaled.jpg","width":1825,"height":2560},{"@type":"BreadcrumbList","@id":"https:\/\/lasinvisiblesdebruguera.com\/#breadcrumb","itemListElement":[{"@type":"ListItem","position":1,"name":"Portada","item":"https:\/\/lasinvisiblesdebruguera.com\/"},{"@type":"ListItem","position":2,"name":"Inicio"}]},{"@type":"WebSite","@id":"https:\/\/lasinvisiblesdebruguera.com\/#website","url":"https:\/\/lasinvisiblesdebruguera.com\/","name":"Las invisibles de Bruguera","description":"Un homenaje a las mujeres que trabajaron en la editorial Bruguera","publisher":{"@id":"https:\/\/lasinvisiblesdebruguera.com\/#organization"},"potentialAction":[{"@type":"SearchAction","target":{"@type":"EntryPoint","urlTemplate":"https:\/\/lasinvisiblesdebruguera.com\/?s={search_term_string}"},"query-input":{"@type":"PropertyValueSpecification","valueRequired":true,"valueName":"search_term_string"}}],"inLanguage":"es"},{"@type":"Organization","@id":"https:\/\/lasinvisiblesdebruguera.com\/#organization","name":"Seminario sobre las mujeres de Bruguera","url":"https:\/\/lasinvisiblesdebruguera.com\/","logo":{"@type":"ImageObject","inLanguage":"es","@id":"https:\/\/lasinvisiblesdebruguera.com\/#\/schema\/logo\/image\/","url":"https:\/\/lasinvisiblesdebruguera.com\/wp-content\/uploads\/2026\/02\/bruguera-morado.jpg","contentUrl":"https:\/\/lasinvisiblesdebruguera.com\/wp-content\/uploads\/2026\/02\/bruguera-morado.jpg","width":769,"height":509,"caption":"Seminario sobre las mujeres de Bruguera"},"image":{"@id":"https:\/\/lasinvisiblesdebruguera.com\/#\/schema\/logo\/image\/"}}]}},"_links":{"self":[{"href":"https:\/\/lasinvisiblesdebruguera.com\/index.php\/wp-json\/wp\/v2\/pages\/21","targetHints":{"allow":["GET"]}}],"collection":[{"href":"https:\/\/lasinvisiblesdebruguera.com\/index.php\/wp-json\/wp\/v2\/pages"}],"about":[{"href":"https:\/\/lasinvisiblesdebruguera.com\/index.php\/wp-json\/wp\/v2\/types\/page"}],"author":[{"embeddable":true,"href":"https:\/\/lasinvisiblesdebruguera.com\/index.php\/wp-json\/wp\/v2\/users\/1"}],"replies":[{"embeddable":true,"href":"https:\/\/lasinvisiblesdebruguera.com\/index.php\/wp-json\/wp\/v2\/comments?post=21"}],"version-history":[{"count":19,"href":"https:\/\/lasinvisiblesdebruguera.com\/index.php\/wp-json\/wp\/v2\/pages\/21\/revisions"}],"predecessor-version":[{"id":74,"href":"https:\/\/lasinvisiblesdebruguera.com\/index.php\/wp-json\/wp\/v2\/pages\/21\/revisions\/74"}],"wp:attachment":[{"href":"https:\/\/lasinvisiblesdebruguera.com\/index.php\/wp-json\/wp\/v2\/media?parent=21"}],"curies":[{"name":"wp","href":"https:\/\/api.w.org\/{rel}","templated":true}]}}